{"id":12296,"date":"2025-11-28T19:32:21","date_gmt":"2025-11-28T22:32:21","guid":{"rendered":"https:\/\/planner.uy\/rm\/?post_type=product&#038;p=12296"},"modified":"2026-01-27T17:11:25","modified_gmt":"2026-01-27T20:11:25","slug":"cama-infantil-estilo-montessori-linea-encanto","status":"publish","type":"product","link":"https:\/\/planner.uy\/rm\/todos-los-articulos\/cama-infantil-estilo-montessori-linea-encanto\/","title":{"rendered":"Cama Infantil Estilo Montessori Linea Encanto"},"content":{"rendered":"<p>Colores disponibles:<br \/>\n-Blanco<\/p>\n<p>Caracter\u00edsticas:<br \/>\n-Fabricado en MDP<br \/>\n-Soporta hasta 80 kg<br \/>\n-Posee barandas<\/p>\n<p>Medidas:<br \/>\n-Altura: 45 cm<br \/>\n-Largo: 192 cm<br \/>\n-Ancho: 85 cm<br \/>\n-Colch\u00f3n indicado: 188*78 cm (accesorio no incluido)<\/p>\n<p>#REF ENC002BCBC<\/p>\n","protected":false},"excerpt":{"rendered":"<p>Cama Encanto, especialmente dise\u00f1ada para crear un ambiente c\u00e1lido y acogedor tanto para beb\u00e9s como para ni\u00f1os. Su dise\u00f1o bajo permite que el ni\u00f1o suba y baje de forma segura y aut\u00f3noma, favoreciendo la independencia y acompa\u00f1ando cada etapa de crecimiento.<\/p>\n","protected":false},"featured_media":12409,"comment_status":"open","ping_status":"closed","template":"","meta":{"_joinchat":[]},"product_brand":[],"product_cat":[135,150,151],"product_tag":[],"class_list":{"0":"post-12296","1":"product","2":"type-product","3":"status-publish","4":"has-post-thumbnail","6":"product_cat-camas","7":"product_cat-infantil","8":"product_cat-todos-los-articulos","10":"first","11":"instock","12":"shipping-taxable","13":"purchasable","14":"product-type-simple"},"_links":{"self":[{"href":"https:\/\/planner.uy\/rm\/wp-json\/wp\/v2\/product\/12296","targetHints":{"allow":["GET"]}}],"collection":[{"href":"https:\/\/planner.uy\/rm\/wp-json\/wp\/v2\/product"}],"about":[{"href":"https:\/\/planner.uy\/rm\/wp-json\/wp\/v2\/types\/product"}],"replies":[{"embeddable":true,"href":"https:\/\/planner.uy\/rm\/wp-json\/wp\/v2\/comments?post=12296"}],"wp:featuredmedia":[{"embeddable":true,"href":"https:\/\/planner.uy\/rm\/wp-json\/wp\/v2\/media\/12409"}],"wp:attachment":[{"href":"https:\/\/planner.uy\/rm\/wp-json\/wp\/v2\/media?parent=12296"}],"wp:term":[{"taxonomy":"product_brand","embeddable":true,"href":"https:\/\/planner.uy\/rm\/wp-json\/wp\/v2\/product_brand?post=12296"},{"taxonomy":"product_cat","embeddable":true,"href":"https:\/\/planner.uy\/rm\/wp-json\/wp\/v2\/product_cat?post=12296"},{"taxonomy":"product_tag","embeddable":true,"href":"https:\/\/planner.uy\/rm\/wp-json\/wp\/v2\/product_tag?post=12296"}],"curies":[{"name":"wp","href":"https:\/\/api.w.org\/{rel}","templated":true}]}}