{"id":12294,"date":"2025-11-28T19:32:21","date_gmt":"2025-11-28T22:32:21","guid":{"rendered":"https:\/\/planner.uy\/rm\/?post_type=product&#038;p=12294"},"modified":"2026-01-07T17:18:37","modified_gmt":"2026-01-07T20:18:37","slug":"cucheta-infantil-blanca-2","status":"publish","type":"product","link":"https:\/\/planner.uy\/rm\/todos-los-articulos\/cucheta-infantil-blanca-2\/","title":{"rendered":"Cucheta Infantil Blanca"},"content":{"rendered":"<p>RM muebles y deco, te brinda comodidad, practicidad y una soluci\u00f3n inmediata si lo que buscas es armar un cuarto completo para tu hijo.<\/p>\n<p>Cama cucheta ideal para hermanos!!<\/p>\n<p>Caracter\u00edsticas:<br \/>\n-Baranda nube para evitar ca\u00eddas<br \/>\n-Escalera lateral<br \/>\n-Ventana en ambos lados<br \/>\n-Fabricado en MDP<br \/>\n-Soporta hasta 80 kg<\/p>\n<p>Colores disponibles:<br \/>\n-Blanco<\/p>\n<p>Medidas:<br \/>\n-Altura: 148 cm<br \/>\n-Largo: 195 cm<br \/>\n-Ancho: 100 cm<br \/>\n-Colch\u00f3n indicado: 188*78 cm (accesorio no incluido)<\/p>\n<p>#REF BY700BCBC<\/p>\n","protected":false},"excerpt":{"rendered":"<p>GARANT\u00cdA: &#8211; Todos los productos de RM muebles estar\u00e1n garantizados por un plazo de 15 d\u00edas desde la fecha de facturaci\u00f3n.<br \/>\n&#8211; La GARANT\u00cdA cubre en caso de: &#8211; Defectos de fabricaci\u00f3n &#8211; Defectos en el armado, siempre que el mismo sea realizado por la empresa.<br \/>\n&#8211; Solamente aplicar\u00e1 a los productos que hayan sido utilizados para su debido uso, acorde al instructivo entregado.<br \/>\n&#8211; No aplica a productos que fueran usados de modo inapropiado, productos expuestos a elementos o condiciones destructivas como ser: calor, humedad, disolventes, pinturas, objetos cortantes, entre otros.<\/p>\n<p>env\u00edos: &#8211; Enviamos a todo el pa\u00eds. El precio del mismo ser\u00e1 abonado por el comprador al momento de la entrega.<br \/>\n&#8211; Para env\u00edos al interior despachamos tu compra por DAC<\/p>\n<p>FORMAS DE PAGO: &#8211; Mercado Pago en cuotas con: &#8211; Visa &#8211; Mastercard &#8211; Oca &#8211; Dinners Club &#8211; Lider &#8211; Efectivo en Abitab o Redpagos. &#8211; Tranferencia bancaria banco santander &#8211; Efectivo al momento de la entrega<\/p>\n","protected":false},"featured_media":12402,"comment_status":"open","ping_status":"closed","template":"","meta":{"_joinchat":[]},"product_brand":[],"product_cat":[137,150,151],"product_tag":[],"class_list":{"0":"post-12294","1":"product","2":"type-product","3":"status-publish","4":"has-post-thumbnail","6":"product_cat-cuchetas","7":"product_cat-infantil","8":"product_cat-todos-los-articulos","10":"first","11":"instock","12":"shipping-taxable","13":"purchasable","14":"product-type-simple"},"_links":{"self":[{"href":"https:\/\/planner.uy\/rm\/wp-json\/wp\/v2\/product\/12294","targetHints":{"allow":["GET"]}}],"collection":[{"href":"https:\/\/planner.uy\/rm\/wp-json\/wp\/v2\/product"}],"about":[{"href":"https:\/\/planner.uy\/rm\/wp-json\/wp\/v2\/types\/product"}],"replies":[{"embeddable":true,"href":"https:\/\/planner.uy\/rm\/wp-json\/wp\/v2\/comments?post=12294"}],"wp:featuredmedia":[{"embeddable":true,"href":"https:\/\/planner.uy\/rm\/wp-json\/wp\/v2\/media\/12402"}],"wp:attachment":[{"href":"https:\/\/planner.uy\/rm\/wp-json\/wp\/v2\/media?parent=12294"}],"wp:term":[{"taxonomy":"product_brand","embeddable":true,"href":"https:\/\/planner.uy\/rm\/wp-json\/wp\/v2\/product_brand?post=12294"},{"taxonomy":"product_cat","embeddable":true,"href":"https:\/\/planner.uy\/rm\/wp-json\/wp\/v2\/product_cat?post=12294"},{"taxonomy":"product_tag","embeddable":true,"href":"https:\/\/planner.uy\/rm\/wp-json\/wp\/v2\/product_tag?post=12294"}],"curies":[{"name":"wp","href":"https:\/\/api.w.org\/{rel}","templated":true}]}}