{"id":12177,"date":"2025-11-28T19:30:15","date_gmt":"2025-11-28T22:30:15","guid":{"rendered":"https:\/\/planner.uy\/rm\/?post_type=product&#038;p=12177"},"modified":"2026-01-07T18:01:58","modified_gmt":"2026-01-07T21:01:58","slug":"zapatera-marron","status":"publish","type":"product","link":"https:\/\/planner.uy\/rm\/todos-los-articulos-hogar\/zapatera-marron\/","title":{"rendered":"Zapatera marr\u00f3n"},"content":{"rendered":"<p>RM muebles y deco, te brinda comodidad y practicidad.<\/p>\n<p>Contamos con mobiliario de excelente calidad y dise\u00f1o.<\/p>\n<p>La zapatera es un producto moderno, pr\u00e1ctico y vers\u00e1til, ideal para organizar tus zapatos y objetos peque\u00f1os, ya sea en el dormitorio, en el \u00e1rea de servicio o en cualquier otro rinc\u00f3n de la casa. De tama\u00f1o compacto, presenta dise\u00f1o de estilo retro, tiene un caj\u00f3n para guardar objetos peque\u00f1os y 6 estantes para guardar zapatos u objetos decorativos.<\/p>\n<p>Caracter\u00edsticas:<br \/>\n-Fabricado en MDP<br \/>\n-Posee 6 estantes que soportan hasta 5 kg cada uno<br \/>\n-Tiene un caj\u00f3n con rieles met\u00e1licos que soporta hasta 3 kg<\/p>\n<p>Colores disponibles:<br \/>\n-Blanco -Marr\u00f3n<\/p>\n<p>Medidas:<br \/>\n-Altura: 130 cm<br \/>\n-Largo: 68 cm<br \/>\n-Ancho: 33 cm<\/p>\n<p>#REF SP030AVAV<\/p>\n","protected":false},"excerpt":{"rendered":"<p>GARANT\u00cdA: &#8211; Todos los productos de RM muebles estar\u00e1n garantizados por un plazo de 15 d\u00edas desde la fecha de facturaci\u00f3n.<br \/>\n&#8211; La GARANT\u00cdA cubre en caso de: &#8211; Defectos de fabricaci\u00f3n &#8211; Defectos en el armado, siempre que el mismo sea realizado por la empresa.<br \/>\n&#8211; Solamente aplicar\u00e1 a los productos que hayan sido utilizados para su debido uso, acorde al instructivo entregado.<br \/>\n&#8211; No aplica a productos que fueran usados de modo inapropiado, productos expuestos a elementos o condiciones destructivas como ser: calor, humedad, disolventes, pinturas, objetos cortantes, entre otros.<\/p>\n<p>env\u00edos: &#8211; Enviamos a todo el pa\u00eds. El precio del mismo ser\u00e1 abonado por el comprador al momento de la entrega.<br \/>\n&#8211; Para env\u00edos al interior despachamos tu compra por DAC<\/p>\n<p>FORMAS DE PAGO: &#8211; Mercado Pago en cuotas con: &#8211; Visa &#8211; Mastercard &#8211; Oca &#8211; Dinners Club &#8211; Lider &#8211; Efectivo en Abitab o Redpagos. &#8211; Tranferencia bancaria banco santander &#8211; Efectivo al momento de la entrega<\/p>\n","protected":false},"featured_media":12337,"comment_status":"open","ping_status":"closed","template":"","meta":{"_joinchat":[]},"product_brand":[],"product_cat":[143,166,164],"product_tag":[],"class_list":{"0":"post-12177","1":"product","2":"type-product","3":"status-publish","4":"has-post-thumbnail","6":"product_cat-hogar","7":"product_cat-todos-los-articulos-hogar","8":"product_cat-zapateras-dormitorio-hogar","10":"first","11":"instock","12":"shipping-taxable","13":"purchasable","14":"product-type-simple"},"_links":{"self":[{"href":"https:\/\/planner.uy\/rm\/wp-json\/wp\/v2\/product\/12177","targetHints":{"allow":["GET"]}}],"collection":[{"href":"https:\/\/planner.uy\/rm\/wp-json\/wp\/v2\/product"}],"about":[{"href":"https:\/\/planner.uy\/rm\/wp-json\/wp\/v2\/types\/product"}],"replies":[{"embeddable":true,"href":"https:\/\/planner.uy\/rm\/wp-json\/wp\/v2\/comments?post=12177"}],"wp:featuredmedia":[{"embeddable":true,"href":"https:\/\/planner.uy\/rm\/wp-json\/wp\/v2\/media\/12337"}],"wp:attachment":[{"href":"https:\/\/planner.uy\/rm\/wp-json\/wp\/v2\/media?parent=12177"}],"wp:term":[{"taxonomy":"product_brand","embeddable":true,"href":"https:\/\/planner.uy\/rm\/wp-json\/wp\/v2\/product_brand?post=12177"},{"taxonomy":"product_cat","embeddable":true,"href":"https:\/\/planner.uy\/rm\/wp-json\/wp\/v2\/product_cat?post=12177"},{"taxonomy":"product_tag","embeddable":true,"href":"https:\/\/planner.uy\/rm\/wp-json\/wp\/v2\/product_tag?post=12177"}],"curies":[{"name":"wp","href":"https:\/\/api.w.org\/{rel}","templated":true}]}}