{"id":12056,"date":"2025-11-28T19:28:28","date_gmt":"2025-11-28T22:28:28","guid":{"rendered":"https:\/\/planner.uy\/rm\/?post_type=product&#038;p=12056"},"modified":"2026-01-07T18:14:12","modified_gmt":"2026-01-07T21:14:12","slug":"rack-bufallo","status":"publish","type":"product","link":"https:\/\/planner.uy\/rm\/todos-los-articulos-hogar\/rack-bufallo\/","title":{"rendered":"Rack Bufallo"},"content":{"rendered":"<p>RM muebles y deco, te brinda comodidad, practicidad y una soluci\u00f3n inmediata si lo que<br \/>\nbuscas es armar un lugar pr\u00e1ctico y acogedor.<\/p>\n<p>Rack para TV Bufallo, para TV de hasta 65 pulgadas.<\/p>\n<p>Caracter\u00edsticas:<br \/>\n&#8211; Tiene dos puertas<br \/>\n&#8211; Cuenta con dos estantes<br \/>\n&#8211; Fabricado en MDP<\/p>\n<p>Colores disponibles:<br \/>\n&#8211; Blanco\/marr\u00f3n<\/p>\n<p>Medidas:<br \/>\nAltura: 56 cm<br \/>\nLargo: 179.8 cm<br \/>\nProfundidad: 40 cm<\/p>\n<p>#REF 100045<\/p>\n","protected":false},"excerpt":{"rendered":"<p>GARANT\u00cdA: &#8211; Todos los productos de RM muebles estar\u00e1n garantizados por un plazo de 15 d\u00edas desde la fecha de facturaci\u00f3n.<br \/>\n&#8211; La GARANT\u00cdA cubre en caso de: &#8211; Defectos de fabricaci\u00f3n &#8211; Defectos en el armado, siempre que el mismo sea realizado por la empresa.<br \/>\n&#8211; Solamente aplicar\u00e1 a los productos que hayan sido utilizados para su debido uso, acorde al instructivo entregado.<br \/>\n&#8211; No aplica a productos que fueran usados de modo inapropiado, productos expuestos a elementos o condiciones destructivas como ser: calor, humedad, disolventes, pinturas, objetos cortantes, entre otros.<\/p>\n<p>env\u00edos: &#8211; Enviamos a todo el pa\u00eds. El precio del mismo ser\u00e1 abonado por el comprador al momento de la entrega.<br \/>\n&#8211; Para env\u00edos al interior despachamos tu compra por DAC<\/p>\n<p>FORMAS DE PAGO: &#8211; Mercado Pago en cuotas con: &#8211; Visa &#8211; Mastercard &#8211; Oca &#8211; Dinners Club &#8211; Lider &#8211; Efectivo en Abitab o Redpagos. &#8211; Tranferencia bancaria banco santander &#8211; Efectivo al momento de la entrega<\/p>\n","protected":false},"featured_media":12201,"comment_status":"open","ping_status":"closed","template":"","meta":{"_joinchat":[]},"product_brand":[],"product_cat":[143,144,154,166],"product_tag":[],"class_list":{"0":"post-12056","1":"product","2":"type-product","3":"status-publish","4":"has-post-thumbnail","6":"product_cat-hogar","7":"product_cat-living","8":"product_cat-racks","9":"product_cat-todos-los-articulos-hogar","11":"first","12":"instock","13":"shipping-taxable","14":"purchasable","15":"product-type-simple"},"_links":{"self":[{"href":"https:\/\/planner.uy\/rm\/wp-json\/wp\/v2\/product\/12056","targetHints":{"allow":["GET"]}}],"collection":[{"href":"https:\/\/planner.uy\/rm\/wp-json\/wp\/v2\/product"}],"about":[{"href":"https:\/\/planner.uy\/rm\/wp-json\/wp\/v2\/types\/product"}],"replies":[{"embeddable":true,"href":"https:\/\/planner.uy\/rm\/wp-json\/wp\/v2\/comments?post=12056"}],"wp:featuredmedia":[{"embeddable":true,"href":"https:\/\/planner.uy\/rm\/wp-json\/wp\/v2\/media\/12201"}],"wp:attachment":[{"href":"https:\/\/planner.uy\/rm\/wp-json\/wp\/v2\/media?parent=12056"}],"wp:term":[{"taxonomy":"product_brand","embeddable":true,"href":"https:\/\/planner.uy\/rm\/wp-json\/wp\/v2\/product_brand?post=12056"},{"taxonomy":"product_cat","embeddable":true,"href":"https:\/\/planner.uy\/rm\/wp-json\/wp\/v2\/product_cat?post=12056"},{"taxonomy":"product_tag","embeddable":true,"href":"https:\/\/planner.uy\/rm\/wp-json\/wp\/v2\/product_tag?post=12056"}],"curies":[{"name":"wp","href":"https:\/\/api.w.org\/{rel}","templated":true}]}}