{"id":11991,"date":"2025-11-28T19:27:43","date_gmt":"2025-11-28T22:27:43","guid":{"rendered":"https:\/\/planner.uy\/rm\/?post_type=product&#038;p=11991"},"modified":"2025-11-28T19:29:48","modified_gmt":"2025-11-28T22:29:48","slug":"cucheta-infantil-con-cajones-marron","status":"publish","type":"product","link":"https:\/\/planner.uy\/rm\/cuchetas\/cucheta-infantil-con-cajones-marron\/","title":{"rendered":"Cucheta Infantil Con Cajones Marr\u00f3n"},"content":{"rendered":"<p>RM muebles y deco, te brinda comodidad, practicidad y una soluci\u00f3n inmediata si lo que buscas es armar un cuarto completo para tu hijo.<\/p>\n<p>Contamos con mobiliario de excelente calidad y dise\u00f1o.<\/p>\n<p>Esta cama cucheta es ideal para espacios reducidos, cuenta con escaleras laterales, pr\u00e1cticas para subir y bajar. Asimismo posee boxes y cajones para guardar y organizar distintos accesorios y\/o juguetes.<br \/>\nPermite el montaje de la escalera lateral tanto en el lado derecho como en el izquierdo.<\/p>\n<p>Caracter\u00edsticas:<br \/>\n* Cama cucheta<br \/>\n* Cuenta con baranda de seguridad para evitar posibles ca\u00eddas<br \/>\n* Tiene cuatro cajones con guia telescopica<br \/>\n* Fabricado en MDP<br \/>\n* Soporta hasta 80 kg cada cama<\/p>\n<p>Colores disponibles:<br \/>\n* Blanco<br \/>\n* Marr\u00f3n<\/p>\n<p>Medidas:<br \/>\n* Altura: 143 cm<br \/>\n* Largo: 231 cm<br \/>\n* Ancho: 99 cm<br \/>\n* Colch\u00f3n indicado: 188*78 cm (accesorio no incluido)<\/p>\n<p>#REF BI004AVAV<\/p>\n","protected":false},"excerpt":{"rendered":"<p>GARANT\u00cdA: &#8211; Todos los productos de RM muebles estar\u00e1n garantizados por un plazo de 15 d\u00edas desde la fecha de facturaci\u00f3n.<br \/>\n&#8211; La GARANT\u00cdA cubre en caso de: &#8211; Defectos de fabricaci\u00f3n &#8211; Defectos en el armado, siempre que el mismo sea realizado por la empresa.<br \/>\n&#8211; Solamente aplicar\u00e1 a los productos que hayan sido utilizados para su debido uso, acorde al instructivo entregado.<br \/>\n&#8211; No aplica a productos que fueran usados de modo inapropiado, productos expuestos a elementos o condiciones destructivas como ser: calor, humedad, disolventes, pinturas, objetos cortantes, entre otros.<\/p>\n<p>env\u00edos: &#8211; Enviamos a todo el pa\u00eds. El precio del mismo ser\u00e1 abonado por el comprador al momento de la entrega.<br \/>\n&#8211; Para env\u00edos al interior despachamos tu compra por DAC<\/p>\n<p>FORMAS DE PAGO: &#8211; Mercado Pago en cuotas con: &#8211; Visa &#8211; Mastercard &#8211; Oca &#8211; Dinners Club &#8211; Lider &#8211; Efectivo en Abitab o Redpagos. &#8211; Tranferencia bancaria banco santander &#8211; Efectivo al momento de la entrega<\/p>\n","protected":false},"featured_media":12139,"comment_status":"open","ping_status":"closed","template":"","meta":{"_joinchat":[]},"product_brand":[],"product_cat":[137],"product_tag":[],"class_list":{"0":"post-11991","1":"product","2":"type-product","3":"status-publish","4":"has-post-thumbnail","6":"product_cat-cuchetas","8":"first","9":"instock","10":"shipping-taxable","11":"purchasable","12":"product-type-simple"},"_links":{"self":[{"href":"https:\/\/planner.uy\/rm\/wp-json\/wp\/v2\/product\/11991","targetHints":{"allow":["GET"]}}],"collection":[{"href":"https:\/\/planner.uy\/rm\/wp-json\/wp\/v2\/product"}],"about":[{"href":"https:\/\/planner.uy\/rm\/wp-json\/wp\/v2\/types\/product"}],"replies":[{"embeddable":true,"href":"https:\/\/planner.uy\/rm\/wp-json\/wp\/v2\/comments?post=11991"}],"wp:featuredmedia":[{"embeddable":true,"href":"https:\/\/planner.uy\/rm\/wp-json\/wp\/v2\/media\/12139"}],"wp:attachment":[{"href":"https:\/\/planner.uy\/rm\/wp-json\/wp\/v2\/media?parent=11991"}],"wp:term":[{"taxonomy":"product_brand","embeddable":true,"href":"https:\/\/planner.uy\/rm\/wp-json\/wp\/v2\/product_brand?post=11991"},{"taxonomy":"product_cat","embeddable":true,"href":"https:\/\/planner.uy\/rm\/wp-json\/wp\/v2\/product_cat?post=11991"},{"taxonomy":"product_tag","embeddable":true,"href":"https:\/\/planner.uy\/rm\/wp-json\/wp\/v2\/product_tag?post=11991"}],"curies":[{"name":"wp","href":"https:\/\/api.w.org\/{rel}","templated":true}]}}