{"id":11909,"date":"2025-11-28T19:27:01","date_gmt":"2025-11-28T22:27:01","guid":{"rendered":"https:\/\/planner.uy\/rm\/?post_type=product&#038;p=11909"},"modified":"2026-01-30T16:35:16","modified_gmt":"2026-01-30T19:35:16","slug":"cama-infantil-estilo-montessori-rosa","status":"publish","type":"product","link":"https:\/\/planner.uy\/rm\/todos-los-articulos\/cama-infantil-estilo-montessori-rosa\/","title":{"rendered":"Cama Infantil Estilo Montessori Rosa"},"content":{"rendered":"<p>Colores disponibles:<br \/>\n-Blanco<br \/>\n-Blanco con azul<br \/>\n-Blanco con rosa<br \/>\n-Marr\u00f3n<br \/>\n-Marr\u00f3n con blanco<\/p>\n<p>Caracter\u00edsticas:<br \/>\n-Baranda para evitar ca\u00eddas<br \/>\n-Fabricado en MDP<br \/>\n-Soporta hasta 80 kg<\/p>\n<p>Medidas:<br \/>\n-Altura: 163 cm<br \/>\n-Largo: 201 cm<br \/>\n-Ancho: 95 cm<br \/>\n-Colch\u00f3n indicado: 188*78 cm (accesorio no incluido)<\/p>\n<p>#REF CCM010BCRS<\/p>\n","protected":false},"excerpt":{"rendered":"<p>Cama casita Montessori ideal para un p\u00fablico infantil y juvenil. La misma estimula la autonom\u00eda y mejora el potencial creativo de ni\u00f1os desde la primera infancia. Posee barras laterales protectoras y esquinas redondeadas, brindando m\u00e1s seguridad para tu peque\u00f1o.<br \/>\nTambi\u00e9n destacar que tiene dos alturas de montaje una a la altura de un somier y otra al ras del piso para cuando son m\u00e1s peque\u00f1os.<\/p>\n","protected":false},"featured_media":12040,"comment_status":"open","ping_status":"closed","template":"","meta":{"_joinchat":[]},"product_brand":[],"product_cat":[135,150,151],"product_tag":[],"class_list":{"0":"post-11909","1":"product","2":"type-product","3":"status-publish","4":"has-post-thumbnail","6":"product_cat-camas","7":"product_cat-infantil","8":"product_cat-todos-los-articulos","10":"first","11":"outofstock","12":"shipping-taxable","13":"purchasable","14":"product-type-simple"},"_links":{"self":[{"href":"https:\/\/planner.uy\/rm\/wp-json\/wp\/v2\/product\/11909","targetHints":{"allow":["GET"]}}],"collection":[{"href":"https:\/\/planner.uy\/rm\/wp-json\/wp\/v2\/product"}],"about":[{"href":"https:\/\/planner.uy\/rm\/wp-json\/wp\/v2\/types\/product"}],"replies":[{"embeddable":true,"href":"https:\/\/planner.uy\/rm\/wp-json\/wp\/v2\/comments?post=11909"}],"wp:featuredmedia":[{"embeddable":true,"href":"https:\/\/planner.uy\/rm\/wp-json\/wp\/v2\/media\/12040"}],"wp:attachment":[{"href":"https:\/\/planner.uy\/rm\/wp-json\/wp\/v2\/media?parent=11909"}],"wp:term":[{"taxonomy":"product_brand","embeddable":true,"href":"https:\/\/planner.uy\/rm\/wp-json\/wp\/v2\/product_brand?post=11909"},{"taxonomy":"product_cat","embeddable":true,"href":"https:\/\/planner.uy\/rm\/wp-json\/wp\/v2\/product_cat?post=11909"},{"taxonomy":"product_tag","embeddable":true,"href":"https:\/\/planner.uy\/rm\/wp-json\/wp\/v2\/product_tag?post=11909"}],"curies":[{"name":"wp","href":"https:\/\/api.w.org\/{rel}","templated":true}]}}