{"id":11824,"date":"2025-11-28T19:26:16","date_gmt":"2025-11-28T22:26:16","guid":{"rendered":"https:\/\/planner.uy\/rm\/?post_type=product&#038;p=11824"},"modified":"2026-02-10T16:17:18","modified_gmt":"2026-02-10T19:17:18","slug":"estanteria-infantil-2","status":"publish","type":"product","link":"https:\/\/planner.uy\/rm\/todos-los-articulos\/estanteria-infantil-2\/","title":{"rendered":"Estanter\u00eda Infantil"},"content":{"rendered":"<p>Caracter\u00edsticas:<br \/>\n-Fabricado en MDP<br \/>\n-Cada divisi\u00f3n soporta hasta 5 kg<\/p>\n<p>Colores disponibles:<br \/>\n-Blanco<\/p>\n<p>Medidas:<br \/>\n-Altura: 94.3 cm<br \/>\n-Largo: 80.6 cm<br \/>\n-Ancho: 30 cm<\/p>\n<p>#REF 200634<\/p>\n","protected":false},"excerpt":{"rendered":"<p>Estanter\u00eda de 4 divisiones con dos puertas. Presenta un aspecto cl\u00e1sico y atemporal que organizar\u00e1 de manera pr\u00e1ctica la habitaci\u00f3n de los ni\u00f1os, ayuda en la organizaci\u00f3n del ambiente y tambi\u00e9n en la decoraci\u00f3n.<\/p>\n","protected":false},"featured_media":11920,"comment_status":"open","ping_status":"closed","template":"","meta":{"_joinchat":[]},"product_brand":[],"product_cat":[140,150,151],"product_tag":[],"class_list":{"0":"post-11824","1":"product","2":"type-product","3":"status-publish","4":"has-post-thumbnail","6":"product_cat-estanterias-y-juegos","7":"product_cat-infantil","8":"product_cat-todos-los-articulos","10":"first","11":"instock","12":"sale","13":"shipping-taxable","14":"purchasable","15":"product-type-simple"},"_links":{"self":[{"href":"https:\/\/planner.uy\/rm\/wp-json\/wp\/v2\/product\/11824","targetHints":{"allow":["GET"]}}],"collection":[{"href":"https:\/\/planner.uy\/rm\/wp-json\/wp\/v2\/product"}],"about":[{"href":"https:\/\/planner.uy\/rm\/wp-json\/wp\/v2\/types\/product"}],"replies":[{"embeddable":true,"href":"https:\/\/planner.uy\/rm\/wp-json\/wp\/v2\/comments?post=11824"}],"wp:featuredmedia":[{"embeddable":true,"href":"https:\/\/planner.uy\/rm\/wp-json\/wp\/v2\/media\/11920"}],"wp:attachment":[{"href":"https:\/\/planner.uy\/rm\/wp-json\/wp\/v2\/media?parent=11824"}],"wp:term":[{"taxonomy":"product_brand","embeddable":true,"href":"https:\/\/planner.uy\/rm\/wp-json\/wp\/v2\/product_brand?post=11824"},{"taxonomy":"product_cat","embeddable":true,"href":"https:\/\/planner.uy\/rm\/wp-json\/wp\/v2\/product_cat?post=11824"},{"taxonomy":"product_tag","embeddable":true,"href":"https:\/\/planner.uy\/rm\/wp-json\/wp\/v2\/product_tag?post=11824"}],"curies":[{"name":"wp","href":"https:\/\/api.w.org\/{rel}","templated":true}]}}